{"id":220,"date":"2024-05-01T10:51:00","date_gmt":"2024-05-01T09:51:00","guid":{"rendered":"https:\/\/canterscoffee.nl\/?post_type=product&#038;p=220"},"modified":"2025-06-28T10:24:42","modified_gmt":"2025-06-28T09:24:42","slug":"brazil-mulheres-do-cafe-matao-natural","status":"publish","type":"product","link":"https:\/\/canterscoffee.nl\/nl\/product\/brazil-mulheres-do-cafe-matao-natural\/","title":{"rendered":"SOLD OUT &#8211; Brazil, Mulheres do Caf\u00e9 Mat\u00e3o (natural)"},"content":{"rendered":"<h4>Brazil Mulheres do Caf\u00e9 Mat\u00e3o<\/h4>\n<p>A natural fermented coffee from Brazil. Very fruity and balanced with a full body.<br \/>\nDelicious with notes of cherry and apricot as filter with a lingering finish, as espresso the fruitiness is nicely balanced with notes of hazelnuts and chocolate.<br \/>\nRoasted light.<\/p>","protected":false},"excerpt":{"rendered":"<p>A sweet, natural fermented coffee from a coop led by women Brazil. Very fruity and balanced with a full body.<br \/>\nDelicious as filter with a tasty finish, as espresso the fruitiness is nicely balanced with notes of hazelnuts and chocolate with a long finish.<\/p>","protected":false},"featured_media":224,"template":"","meta":[],"product_brand":[],"product_cat":[16],"product_tag":[24,37,38],"class_list":{"0":"post-220","1":"product","2":"type-product","3":"status-publish","4":"has-post-thumbnail","6":"product_cat-coffee","7":"product_tag-brazil","8":"product_tag-natural","9":"product_tag-women-in-cafe","11":"first","12":"outofstock","13":"taxable","14":"shipping-taxable","15":"purchasable","16":"product-type-variable"},"jetpack_sharing_enabled":true,"_links":{"self":[{"href":"https:\/\/canterscoffee.nl\/nl\/wp-json\/wp\/v2\/product\/220","targetHints":{"allow":["GET"]}}],"collection":[{"href":"https:\/\/canterscoffee.nl\/nl\/wp-json\/wp\/v2\/product"}],"about":[{"href":"https:\/\/canterscoffee.nl\/nl\/wp-json\/wp\/v2\/types\/product"}],"wp:featuredmedia":[{"embeddable":true,"href":"https:\/\/canterscoffee.nl\/nl\/wp-json\/wp\/v2\/media\/224"}],"wp:attachment":[{"href":"https:\/\/canterscoffee.nl\/nl\/wp-json\/wp\/v2\/media?parent=220"}],"wp:term":[{"taxonomy":"product_brand","embeddable":true,"href":"https:\/\/canterscoffee.nl\/nl\/wp-json\/wp\/v2\/product_brand?post=220"},{"taxonomy":"product_cat","embeddable":true,"href":"https:\/\/canterscoffee.nl\/nl\/wp-json\/wp\/v2\/product_cat?post=220"},{"taxonomy":"product_tag","embeddable":true,"href":"https:\/\/canterscoffee.nl\/nl\/wp-json\/wp\/v2\/product_tag?post=220"}],"curies":[{"name":"wp","href":"https:\/\/api.w.org\/{rel}","templated":true}]}}